{"id":8541,"date":"2022-07-04T01:37:54","date_gmt":"2022-07-04T04:37:54","guid":{"rendered":"https:\/\/diariodebordo.test\/?page_id=8541"},"modified":"2026-04-19T04:11:46","modified_gmt":"2026-04-19T07:11:46","slug":"edicao-digital","status":"publish","type":"page","link":"https:\/\/www.diariodebordo.net\/?page_id=8541","title":{"rendered":"Edi\u00e7\u00e3o Digital"},"content":{"rendered":"","protected":false},"excerpt":{"rendered":"","protected":false},"author":13,"featured_media":30078,"parent":0,"menu_order":0,"comment_status":"open","ping_status":"closed","template":"","meta":{"_eb_attr":"","inline_featured_image":false,"_joinchat":[],"footnotes":""},"class_list":["post-8541","page","type-page","status-publish","has-post-thumbnail","hentry"],"acf":[],"yoast_head":"<!-- This site is optimized with the Yoast SEO plugin v27.4 - https:\/\/yoast.com\/product\/yoast-seo-wordpress\/ -->\n<title>Edi\u00e7\u00e3o Digital - Revista Di\u00e1rio de Bordo<\/title>\n<meta name=\"robots\" content=\"index, follow, max-snippet:-1, max-image-preview:large, max-video-preview:-1\" \/>\n<link rel=\"canonical\" href=\"https:\/\/www.diariodebordo.net\/?page_id=8541\" \/>\n<meta property=\"og:locale\" content=\"pt_BR\" \/>\n<meta property=\"og:type\" content=\"article\" \/>\n<meta property=\"og:title\" content=\"Edi\u00e7\u00e3o Digital - Revista Di\u00e1rio de Bordo\" \/>\n<meta property=\"og:url\" content=\"https:\/\/www.diariodebordo.net\/?page_id=8541\" \/>\n<meta property=\"og:site_name\" content=\"Revista Di\u00e1rio de Bordo\" \/>\n<meta property=\"article:modified_time\" content=\"2026-04-19T07:11:46+00:00\" \/>\n<meta property=\"og:image\" content=\"https:\/\/www.diariodebordo.net\/wp-content\/uploads\/2024\/08\/IMG_9770.jpeg\" \/>\n\t<meta property=\"og:image:width\" content=\"1170\" \/>\n\t<meta property=\"og:image:height\" content=\"1641\" \/>\n\t<meta property=\"og:image:type\" content=\"image\/jpeg\" \/>\n<meta name=\"twitter:card\" content=\"summary_large_image\" \/>\n<meta name=\"twitter:label1\" content=\"Est. tempo de leitura\" \/>\n\t<meta name=\"twitter:data1\" content=\"1 minuto\" \/>\n<script type=\"application\/ld+json\" class=\"yoast-schema-graph\">{\"@context\":\"https:\\\/\\\/schema.org\",\"@graph\":[{\"@type\":\"WebPage\",\"@id\":\"https:\\\/\\\/www.diariodebordo.net\\\/?page_id=8541\",\"url\":\"https:\\\/\\\/www.diariodebordo.net\\\/?page_id=8541\",\"name\":\"Edi\u00e7\u00e3o Digital - Revista Di\u00e1rio de Bordo\",\"isPartOf\":{\"@id\":\"https:\\\/\\\/diariodebordo.net\\\/#website\"},\"primaryImageOfPage\":{\"@id\":\"https:\\\/\\\/www.diariodebordo.net\\\/?page_id=8541#primaryimage\"},\"image\":{\"@id\":\"https:\\\/\\\/www.diariodebordo.net\\\/?page_id=8541#primaryimage\"},\"thumbnailUrl\":\"https:\\\/\\\/www.diariodebordo.net\\\/wp-content\\\/uploads\\\/2024\\\/08\\\/IMG_9770.jpeg\",\"datePublished\":\"2022-07-04T04:37:54+00:00\",\"dateModified\":\"2026-04-19T07:11:46+00:00\",\"breadcrumb\":{\"@id\":\"https:\\\/\\\/www.diariodebordo.net\\\/?page_id=8541#breadcrumb\"},\"inLanguage\":\"pt-BR\",\"potentialAction\":[{\"@type\":\"ReadAction\",\"target\":[\"https:\\\/\\\/www.diariodebordo.net\\\/?page_id=8541\"]}]},{\"@type\":\"ImageObject\",\"inLanguage\":\"pt-BR\",\"@id\":\"https:\\\/\\\/www.diariodebordo.net\\\/?page_id=8541#primaryimage\",\"url\":\"https:\\\/\\\/www.diariodebordo.net\\\/wp-content\\\/uploads\\\/2024\\\/08\\\/IMG_9770.jpeg\",\"contentUrl\":\"https:\\\/\\\/www.diariodebordo.net\\\/wp-content\\\/uploads\\\/2024\\\/08\\\/IMG_9770.jpeg\",\"width\":1170,\"height\":1641,\"caption\":\"Screenshot\"},{\"@type\":\"BreadcrumbList\",\"@id\":\"https:\\\/\\\/www.diariodebordo.net\\\/?page_id=8541#breadcrumb\",\"itemListElement\":[{\"@type\":\"ListItem\",\"position\":1,\"name\":\"In\u00edcio\",\"item\":\"https:\\\/\\\/diariodebordo.net\\\/\"},{\"@type\":\"ListItem\",\"position\":2,\"name\":\"Edi\u00e7\u00e3o Digital\"}]},{\"@type\":\"WebSite\",\"@id\":\"https:\\\/\\\/diariodebordo.net\\\/#website\",\"url\":\"https:\\\/\\\/diariodebordo.net\\\/\",\"name\":\"Revista Di\u00e1rio de Bordo\",\"description\":\"\",\"publisher\":{\"@id\":\"https:\\\/\\\/diariodebordo.net\\\/#organization\"},\"potentialAction\":[{\"@type\":\"SearchAction\",\"target\":{\"@type\":\"EntryPoint\",\"urlTemplate\":\"https:\\\/\\\/diariodebordo.net\\\/?s={search_term_string}\"},\"query-input\":{\"@type\":\"PropertyValueSpecification\",\"valueRequired\":true,\"valueName\":\"search_term_string\"}}],\"inLanguage\":\"pt-BR\"},{\"@type\":\"Organization\",\"@id\":\"https:\\\/\\\/diariodebordo.net\\\/#organization\",\"name\":\"Revista Di\u00e1rio de Bordo\",\"url\":\"https:\\\/\\\/diariodebordo.net\\\/\",\"logo\":{\"@type\":\"ImageObject\",\"inLanguage\":\"pt-BR\",\"@id\":\"https:\\\/\\\/diariodebordo.net\\\/#\\\/schema\\\/logo\\\/image\\\/\",\"url\":\"https:\\\/\\\/www.diariodebordo.net\\\/wp-content\\\/uploads\\\/2026\\\/04\\\/cropped-cropped-11_20260415_024630_0000.png\",\"contentUrl\":\"https:\\\/\\\/www.diariodebordo.net\\\/wp-content\\\/uploads\\\/2026\\\/04\\\/cropped-cropped-11_20260415_024630_0000.png\",\"width\":511,\"height\":227,\"caption\":\"Revista Di\u00e1rio de Bordo\"},\"image\":{\"@id\":\"https:\\\/\\\/diariodebordo.net\\\/#\\\/schema\\\/logo\\\/image\\\/\"}}]}<\/script>\n<!-- \/ Yoast SEO plugin. -->","yoast_head_json":{"title":"Edi\u00e7\u00e3o Digital - Revista Di\u00e1rio de Bordo","robots":{"index":"index","follow":"follow","max-snippet":"max-snippet:-1","max-image-preview":"max-image-preview:large","max-video-preview":"max-video-preview:-1"},"canonical":"https:\/\/www.diariodebordo.net\/?page_id=8541","og_locale":"pt_BR","og_type":"article","og_title":"Edi\u00e7\u00e3o Digital - Revista Di\u00e1rio de Bordo","og_url":"https:\/\/www.diariodebordo.net\/?page_id=8541","og_site_name":"Revista Di\u00e1rio de Bordo","article_modified_time":"2026-04-19T07:11:46+00:00","og_image":[{"width":1170,"height":1641,"url":"https:\/\/www.diariodebordo.net\/wp-content\/uploads\/2024\/08\/IMG_9770.jpeg","type":"image\/jpeg"}],"twitter_card":"summary_large_image","twitter_misc":{"Est. tempo de leitura":"1 minuto"},"schema":{"@context":"https:\/\/schema.org","@graph":[{"@type":"WebPage","@id":"https:\/\/www.diariodebordo.net\/?page_id=8541","url":"https:\/\/www.diariodebordo.net\/?page_id=8541","name":"Edi\u00e7\u00e3o Digital - Revista Di\u00e1rio de Bordo","isPartOf":{"@id":"https:\/\/diariodebordo.net\/#website"},"primaryImageOfPage":{"@id":"https:\/\/www.diariodebordo.net\/?page_id=8541#primaryimage"},"image":{"@id":"https:\/\/www.diariodebordo.net\/?page_id=8541#primaryimage"},"thumbnailUrl":"https:\/\/www.diariodebordo.net\/wp-content\/uploads\/2024\/08\/IMG_9770.jpeg","datePublished":"2022-07-04T04:37:54+00:00","dateModified":"2026-04-19T07:11:46+00:00","breadcrumb":{"@id":"https:\/\/www.diariodebordo.net\/?page_id=8541#breadcrumb"},"inLanguage":"pt-BR","potentialAction":[{"@type":"ReadAction","target":["https:\/\/www.diariodebordo.net\/?page_id=8541"]}]},{"@type":"ImageObject","inLanguage":"pt-BR","@id":"https:\/\/www.diariodebordo.net\/?page_id=8541#primaryimage","url":"https:\/\/www.diariodebordo.net\/wp-content\/uploads\/2024\/08\/IMG_9770.jpeg","contentUrl":"https:\/\/www.diariodebordo.net\/wp-content\/uploads\/2024\/08\/IMG_9770.jpeg","width":1170,"height":1641,"caption":"Screenshot"},{"@type":"BreadcrumbList","@id":"https:\/\/www.diariodebordo.net\/?page_id=8541#breadcrumb","itemListElement":[{"@type":"ListItem","position":1,"name":"In\u00edcio","item":"https:\/\/diariodebordo.net\/"},{"@type":"ListItem","position":2,"name":"Edi\u00e7\u00e3o Digital"}]},{"@type":"WebSite","@id":"https:\/\/diariodebordo.net\/#website","url":"https:\/\/diariodebordo.net\/","name":"Revista Di\u00e1rio de Bordo","description":"","publisher":{"@id":"https:\/\/diariodebordo.net\/#organization"},"potentialAction":[{"@type":"SearchAction","target":{"@type":"EntryPoint","urlTemplate":"https:\/\/diariodebordo.net\/?s={search_term_string}"},"query-input":{"@type":"PropertyValueSpecification","valueRequired":true,"valueName":"search_term_string"}}],"inLanguage":"pt-BR"},{"@type":"Organization","@id":"https:\/\/diariodebordo.net\/#organization","name":"Revista Di\u00e1rio de Bordo","url":"https:\/\/diariodebordo.net\/","logo":{"@type":"ImageObject","inLanguage":"pt-BR","@id":"https:\/\/diariodebordo.net\/#\/schema\/logo\/image\/","url":"https:\/\/www.diariodebordo.net\/wp-content\/uploads\/2026\/04\/cropped-cropped-11_20260415_024630_0000.png","contentUrl":"https:\/\/www.diariodebordo.net\/wp-content\/uploads\/2026\/04\/cropped-cropped-11_20260415_024630_0000.png","width":511,"height":227,"caption":"Revista Di\u00e1rio de Bordo"},"image":{"@id":"https:\/\/diariodebordo.net\/#\/schema\/logo\/image\/"}}]}},"_links":{"self":[{"href":"https:\/\/www.diariodebordo.net\/index.php?rest_route=\/wp\/v2\/pages\/8541","targetHints":{"allow":["GET"]}}],"collection":[{"href":"https:\/\/www.diariodebordo.net\/index.php?rest_route=\/wp\/v2\/pages"}],"about":[{"href":"https:\/\/www.diariodebordo.net\/index.php?rest_route=\/wp\/v2\/types\/page"}],"author":[{"embeddable":true,"href":"https:\/\/www.diariodebordo.net\/index.php?rest_route=\/wp\/v2\/users\/13"}],"replies":[{"embeddable":true,"href":"https:\/\/www.diariodebordo.net\/index.php?rest_route=%2Fwp%2Fv2%2Fcomments&post=8541"}],"version-history":[{"count":41,"href":"https:\/\/www.diariodebordo.net\/index.php?rest_route=\/wp\/v2\/pages\/8541\/revisions"}],"predecessor-version":[{"id":33082,"href":"https:\/\/www.diariodebordo.net\/index.php?rest_route=\/wp\/v2\/pages\/8541\/revisions\/33082"}],"wp:featuredmedia":[{"embeddable":true,"href":"https:\/\/www.diariodebordo.net\/index.php?rest_route=\/wp\/v2\/media\/30078"}],"wp:attachment":[{"href":"https:\/\/www.diariodebordo.net\/index.php?rest_route=%2Fwp%2Fv2%2Fmedia&parent=8541"}],"curies":[{"name":"wp","href":"https:\/\/api.w.org\/{rel}","templated":true}]}}